{"id":155,"date":"2021-11-27T09:06:29","date_gmt":"2021-11-27T09:06:29","guid":{"rendered":"https:\/\/www.zaing.hr\/?page_id=155"},"modified":"2024-12-08T13:30:36","modified_gmt":"2024-12-08T13:30:36","slug":"pocetna-1","status":"publish","type":"page","link":"https:\/\/www.zaing.hr\/","title":{"rendered":"PO\u010cETNA"},"content":{"rendered":"\n    \n    <section class=\"u-clearfix u-image u-section-2\" id=\"carousel_9ba4\" data-image-width=\"1788\" data-image-height=\"1080\" style=\"background-image: url(&quot;https:\/\/www.zaing.hr\/wp-content\/uploads\/2021\/11\/dfff-min-2.jpg&quot;);\">\n      <div class=\"u-clearfix u-sheet u-valign-middle-md u-valign-middle-sm u-sheet-1\">\n        <div class=\"u-align-left u-container-style u-group u-white u-group-1\">\n          <div class=\"u-container-layout u-valign-middle-lg u-valign-middle-md u-valign-middle-sm u-valign-middle-xl u-container-layout-1\">\n            <div class=\"u-palette-1-dark-2 u-shape u-shape-circle u-shape-1\"><\/div>\n            <h1 class=\"u-custom-font u-font-roboto-condensed u-text u-text-1\"><b>ME\u0110IMURJE ZAING d.o.o.&nbsp; \u010cAKOVEC<br><\/b>\n            <\/h1>\n            <p class=\"u-text u-text-2\"> stvoreni za tehni\u010dku za\u0161titu, za\u0161titu na radu, za\u0161titu od po\u017eara i za\u0161titu okoli\u0161a<\/p>\n            <a href=\"https:\/\/www.zaing.hr\/?page_id=123\" class=\"u-active-black u-border-none u-btn u-btn-round u-button-style u-hover-black u-palette-1-dark-2 u-radius-2 u-text-active-white u-text-hover-white u-btn-1\">KONTAKTIRAJ NAS<\/a>\n          <\/div>\n        <\/div>\n      <\/div>\n    <\/section>\n    <section class=\"u-clearfix u-section-3\" id=\"carousel_6ec0\">\n      <div class=\"u-clearfix u-sheet u-sheet-1\">\n        <div class=\"u-container-style u-group u-group-1\">\n          <div class=\"u-container-layout u-container-layout-1\">\n            <h1 class=\"u-text u-text-default u-text-1\">O NAMA<\/h1>\n            <p class=\"u-text u-text-2\"> Dru\u0161tvo&nbsp;Me\u0111imurje ZAING d.o.o. sa sjedi\u0161tem u \u010cakovcu, Zagreba\u010dka ulica 77.&nbsp;osnovano je 1992. godine s ciljem pru\u017eanja usluga korisnicima u podru\u010djima za\u0161tite na radu, za\u0161tite od po\u017eara, za\u0161tite okoli\u0161a, tehni\u010dke za\u0161tite kao i prodajom razne trgova\u010dke robe u funkciji za\u0161tite. Dru\u0161tvo djeluje u vlastitim suvremeno opremljenim&nbsp; prostorima \u2013 uredima, laboratoriju i servisu.<\/p>\n          <\/div>\n        <\/div>\n        <img decoding=\"async\" src=\"https:\/\/i2.wp.com\/www.zaing.hr\/wp-content\/uploads\/2021\/11\/rerrr-min-4.jpg?w=1140&#038;ssl=1\" alt=\"\" class=\"u-expanded-width-xs u-image u-image-default u-image-1\" data-image-width=\"1500\" data-image-height=\"1000\" data-recalc-dims=\"1\">\n        <div class=\"u-container-style u-group u-palette-1-dark-2 u-group-2\">\n          <div class=\"u-container-layout u-container-layout-2\">\n            <h6 class=\"u-text u-text-3\">e-mail<\/h6>\n            <a href=\"mailto:info@zaing.hr\" class=\"u-active-none u-border-1 u-border-active-white u-border-hover-white u-border-no-left u-border-no-right u-border-no-top u-border-white u-btn u-button-style u-hover-none u-none u-radius-0 u-text-active-palette-4-light-2 u-text-body-alt-color u-text-hover-palette-4-light-2 u-btn-1\"> info@zaing.hr<\/a>\n            <h6 class=\"u-text u-text-4\">NAZOVITE<\/h6>\n            <a href=\"tel:+385 40 396 050\" class=\"u-active-none u-border-1 u-border-active-white u-border-hover-white u-border-no-left u-border-no-right u-border-no-top u-border-white u-btn u-button-style u-hover-none u-none u-text-active-palette-4-light-2 u-text-body-alt-color u-text-hover-palette-4-light-2 u-btn-2\"> +385 40 396 050<\/a>\n            <h6 class=\"u-text u-text-default u-text-5\">ADRESA<\/h6>\n            <p class=\"u-text u-text-default u-text-6\">Zagreba\u010dka 77, \u010cakovec<\/p>\n          <\/div>\n        <\/div>\n      <\/div>\n    <\/section>\n    <section class=\"u-clearfix u-grey-5 u-section-4\" id=\"sec-2982\">\n      <div class=\"u-clearfix u-sheet u-valign-middle-sm u-sheet-1\">\n        <div class=\"u-clearfix u-expanded-width-lg u-expanded-width-md u-expanded-width-xl u-layout-wrap u-layout-wrap-1\">\n          <div class=\"u-layout\">\n            <div class=\"u-layout-row\">\n              <div class=\"u-align-left u-container-style u-layout-cell u-size-30 u-white u-layout-cell-1\">\n                <div class=\"u-container-layout u-container-layout-1\"><span class=\"u-icon u-icon-circle u-text-palette-1-dark-2 u-icon-1\"><svg class=\"u-svg-link\" preserveAspectRatio=\"xMidYMin slice\" viewBox=\"0 0 95.333 95.332\" style=\"\"><use xlink:href=\"#svg-0a13\"><\/use><\/svg><svg class=\"u-svg-content\" viewBox=\"0 0 95.333 95.332\" x=\"0px\" y=\"0px\" id=\"svg-0a13\" style=\"enable-background:new 0 0 95.333 95.332;\"><g><g><path d=\"M30.512,43.939c-2.348-0.676-4.696-1.019-6.98-1.019c-3.527,0-6.47,0.806-8.752,1.793    c2.2-8.054,7.485-21.951,18.013-23.516c0.975-0.145,1.774-0.85,2.04-1.799l2.301-8.23c0.194-0.696,0.079-1.441-0.318-2.045    s-1.035-1.007-1.75-1.105c-0.777-0.106-1.569-0.16-2.354-0.16c-12.637,0-25.152,13.19-30.433,32.076    c-3.1,11.08-4.009,27.738,3.627,38.223c4.273,5.867,10.507,9,18.529,9.313c0.033,0.001,0.065,0.002,0.098,0.002    c9.898,0,18.675-6.666,21.345-16.209c1.595-5.705,0.874-11.688-2.032-16.851C40.971,49.307,36.236,45.586,30.512,43.939z\"><\/path><path d=\"M92.471,54.413c-2.875-5.106-7.61-8.827-13.334-10.474c-2.348-0.676-4.696-1.019-6.979-1.019    c-3.527,0-6.471,0.806-8.753,1.793c2.2-8.054,7.485-21.951,18.014-23.516c0.975-0.145,1.773-0.85,2.04-1.799l2.301-8.23    c0.194-0.696,0.079-1.441-0.318-2.045c-0.396-0.604-1.034-1.007-1.75-1.105c-0.776-0.106-1.568-0.16-2.354-0.16    c-12.637,0-25.152,13.19-30.434,32.076c-3.099,11.08-4.008,27.738,3.629,38.225c4.272,5.866,10.507,9,18.528,9.312    c0.033,0.001,0.065,0.002,0.099,0.002c9.897,0,18.675-6.666,21.345-16.209C96.098,65.559,95.376,59.575,92.471,54.413z\"><\/path>\n<\/g>\n<\/g><\/svg><\/span>\n                  <p class=\"u-text u-text-black u-text-1\"> U dru\u0161tvu je zaposleno 18 radnika, uglavnom vi\u0161e i visoke stru\u010dne spreme svih potrebnih struka za obavljanje poslove in\u017eenjeringa i konzaltinga, te ispitivanja i atestiranja.&nbsp;<\/p>\n                  <a href=\"https:\/\/www.zaing.hr\/?page_id=94\" class=\"u-border-2 u-border-active-grey-30 u-border-hover-grey-30 u-border-palette-1-dark-2 u-btn u-btn-round u-button-style u-custom-font u-palette-1-dark-2 u-radius-3 u-text-active-black u-text-body-alt-color u-text-hover-black u-btn-1\">POGLEDAJ VI\u0160E<\/a>\n                <\/div>\n              <\/div>\n              <div class=\"u-align-center u-container-style u-layout-cell u-size-30 u-layout-cell-2\">\n                <div class=\"u-container-layout u-valign-bottom-lg u-valign-bottom-md u-valign-bottom-sm u-valign-bottom-xs u-container-layout-2\">\n                  <img decoding=\"async\" class=\"u-expanded-width u-image u-image-default u-image-1\" src=\"https:\/\/i2.wp.com\/www.zaing.hr\/wp-content\/uploads\/2021\/11\/sdf-4.jpg?w=1140&#038;ssl=1\" alt=\"\" data-image-width=\"800\" data-image-height=\"680\" data-recalc-dims=\"1\">\n                <\/div>\n              <\/div>\n            <\/div>\n          <\/div>\n        <\/div>\n      <\/div>\n    <\/section>\n    <section class=\"u-clearfix u-white u-section-5\" id=\"sec-93c8\">\n      <div class=\"u-clearfix u-sheet u-sheet-1\">\n        <h1 class=\"u-text u-text-1\">\n          <a class=\"u-active-none u-border-none u-btn u-button-link u-button-style u-hover-none u-none u-text-body-color u-btn-1\" href=\"https:\/\/akreditacija.hr\/registar\/\">Potvrda o akreditaciji <\/a>\n        <\/h1>\n        <img decoding=\"async\" class=\"u-image u-image-default u-image-1\" src=\"https:\/\/i0.wp.com\/www.zaing.hr\/wp-content\/uploads\/2021\/12\/logo-animated.gif?w=1140&#038;ssl=1\" alt=\"\" data-image-width=\"330\" data-image-height=\"108\" data-recalc-dims=\"1\">\n        <img decoding=\"async\" class=\"u-image u-image-default u-image-2\" src=\"https:\/\/i2.wp.com\/www.zaing.hr\/wp-content\/uploads\/2021\/12\/1.png?w=1140&#038;ssl=1\" alt=\"\" data-image-width=\"1712\" data-image-height=\"1954\" data-recalc-dims=\"1\">\n        <img decoding=\"async\" class=\"u-image u-image-default u-image-3\" src=\"https:\/\/i2.wp.com\/www.zaing.hr\/wp-content\/uploads\/2021\/12\/EU-zastava.jpg?w=1140&#038;ssl=1\" alt=\"\" data-image-width=\"750\" data-image-height=\"500\" data-recalc-dims=\"1\">\n        <img decoding=\"async\" class=\"u-image u-image-default u-preserve-proportions u-image-4\" src=\"https:\/\/i2.wp.com\/www.zaing.hr\/wp-content\/uploads\/2021\/12\/kohezija.png?w=1140&#038;ssl=1\" alt=\"\" data-image-width=\"256\" data-image-height=\"86\" data-recalc-dims=\"1\">\n        <p class=\"u-text u-text-2\"> &nbsp;&nbsp;* vi\u0161e o ovoj temi u meniju <a href=\"https:\/\/www.zaing.hr\/?page_id=331\" class=\"u-active-none u-border-none u-btn u-button-link u-button-style u-hover-none u-none u-text-palette-1-base u-btn-2\">Obavijesti<\/a>\n        <\/p>\n      <\/div>\n    <\/section>\n    \n    \n  \n","protected":false},"excerpt":{"rendered":"<p>ME\u0110IMURJE ZAING d.o.o.&nbsp; \u010cAKOVEC stvoreni za tehni\u010dku za\u0161titu, za\u0161titu na radu, za\u0161titu od po\u017eara i za\u0161titu okoli\u0161a KONTAKTIRAJ NAS O NAMA Dru\u0161tvo&nbsp;Me\u0111imurje ZAING d.o.o. sa sjedi\u0161tem u \u010cakovcu, Zagreba\u010dka ulica 77.&nbsp;osnovano je 1992. godine s ciljem pru\u017eanja usluga korisnicima u podru\u010djima za\u0161tite na radu, za\u0161tite od po\u017eara, za\u0161tite okoli\u0161a, tehni\u010dke za\u0161tite kao i prodajom razne &hellip; <a href=\"https:\/\/www.zaing.hr\/\" class=\"more-link\">Continue reading<span class=\"screen-reader-text\"> &#8220;PO\u010cETNA&#8221;<\/span><\/a><\/p>\n","protected":false},"author":1,"featured_media":0,"parent":0,"menu_order":0,"comment_status":"closed","ping_status":"closed","template":"templates\/post.php","meta":{"spay_email":"","footnotes":""},"class_list":["post-155","page","type-page","status-publish","hentry"],"yoast_head":"<!-- This site is optimized with the Yoast SEO plugin v17.8 - https:\/\/yoast.com\/wordpress\/plugins\/seo\/ -->\n<title>PO\u010cETNA - ZAING<\/title>\n<meta name=\"description\" content=\"ME\u0110IMURJE ZAING d.o.o.&nbsp; \u010cAKOVEC stvoreni za tehni\u010dku za\u0161titu, za\u0161titu na radu, za\u0161titu od po\u017eara i za\u0161titu okoli\u0161a KONTAKTIRAJ NAS O NAMA\" \/>\n<meta name=\"robots\" content=\"index, follow, max-snippet:-1, max-image-preview:large, max-video-preview:-1\" \/>\n<link rel=\"canonical\" href=\"https:\/\/www.zaing.hr\/\" \/>\n<meta property=\"og:locale\" content=\"en_US\" \/>\n<meta property=\"og:type\" content=\"article\" \/>\n<meta property=\"og:title\" content=\"PO\u010cETNA - ZAING\" \/>\n<meta property=\"og:description\" content=\"ME\u0110IMURJE ZAING d.o.o.&nbsp; \u010cAKOVEC stvoreni za tehni\u010dku za\u0161titu, za\u0161titu na radu, za\u0161titu od po\u017eara i za\u0161titu okoli\u0161a KONTAKTIRAJ NAS O NAMA\" \/>\n<meta property=\"og:url\" content=\"https:\/\/www.zaing.hr\/\" \/>\n<meta property=\"og:site_name\" content=\"ZAING\" \/>\n<meta property=\"article:modified_time\" content=\"2024-12-08T13:30:36+00:00\" \/>\n<meta name=\"twitter:card\" content=\"summary_large_image\" \/>\n<meta name=\"twitter:label1\" content=\"Est. reading time\" \/>\n\t<meta name=\"twitter:data1\" content=\"1 minute\" \/>\n<script type=\"application\/ld+json\" class=\"yoast-schema-graph\">{\"@context\":\"https:\/\/schema.org\",\"@graph\":[{\"@type\":\"Organization\",\"@id\":\"https:\/\/www.zaing.hr\/#organization\",\"name\":\"zaing\",\"url\":\"https:\/\/www.zaing.hr\/\",\"sameAs\":[],\"logo\":{\"@type\":\"ImageObject\",\"@id\":\"https:\/\/www.zaing.hr\/#logo\",\"inLanguage\":\"en-US\",\"url\":\"https:\/\/i0.wp.com\/www.zaing.hr\/wp-content\/uploads\/2021\/12\/logo-4.png?fit=589%2C354&ssl=1\",\"contentUrl\":\"https:\/\/i0.wp.com\/www.zaing.hr\/wp-content\/uploads\/2021\/12\/logo-4.png?fit=589%2C354&ssl=1\",\"width\":589,\"height\":354,\"caption\":\"zaing\"},\"image\":{\"@id\":\"https:\/\/www.zaing.hr\/#logo\"}},{\"@type\":\"WebSite\",\"@id\":\"https:\/\/www.zaing.hr\/#website\",\"url\":\"https:\/\/www.zaing.hr\/\",\"name\":\"ZAING\",\"description\":\"Sve za za\\u0161titnu opremu!\",\"publisher\":{\"@id\":\"https:\/\/www.zaing.hr\/#organization\"},\"potentialAction\":[{\"@type\":\"SearchAction\",\"target\":{\"@type\":\"EntryPoint\",\"urlTemplate\":\"https:\/\/www.zaing.hr\/?s={search_term_string}\"},\"query-input\":\"required name=search_term_string\"}],\"inLanguage\":\"en-US\"},{\"@type\":\"WebPage\",\"@id\":\"https:\/\/www.zaing.hr\/#webpage\",\"url\":\"https:\/\/www.zaing.hr\/\",\"name\":\"PO\\u010cETNA - ZAING\",\"isPartOf\":{\"@id\":\"https:\/\/www.zaing.hr\/#website\"},\"datePublished\":\"2021-11-27T09:06:29+00:00\",\"dateModified\":\"2024-12-08T13:30:36+00:00\",\"description\":\"ME\\u0110IMURJE ZAING d.o.o.&nbsp; \\u010cAKOVEC stvoreni za tehni\\u010dku za\\u0161titu, za\\u0161titu na radu, za\\u0161titu od po\\u017eara i za\\u0161titu okoli\\u0161a KONTAKTIRAJ NAS O NAMA\",\"breadcrumb\":{\"@id\":\"https:\/\/www.zaing.hr\/#breadcrumb\"},\"inLanguage\":\"en-US\",\"potentialAction\":[{\"@type\":\"ReadAction\",\"target\":[\"https:\/\/www.zaing.hr\/\"]}]},{\"@type\":\"BreadcrumbList\",\"@id\":\"https:\/\/www.zaing.hr\/#breadcrumb\",\"itemListElement\":[{\"@type\":\"ListItem\",\"position\":1,\"name\":\"Home\",\"item\":\"https:\/\/www.zaing.hr\/\"},{\"@type\":\"ListItem\",\"position\":2,\"name\":\"PO\\u010cETNA\"}]}]}<\/script>\n<!-- \/ Yoast SEO plugin. -->","yoast_head_json":{"title":"PO\u010cETNA - ZAING","description":"ME\u0110IMURJE ZAING d.o.o.&nbsp; \u010cAKOVEC stvoreni za tehni\u010dku za\u0161titu, za\u0161titu na radu, za\u0161titu od po\u017eara i za\u0161titu okoli\u0161a KONTAKTIRAJ NAS O NAMA","robots":{"index":"index","follow":"follow","max-snippet":"max-snippet:-1","max-image-preview":"max-image-preview:large","max-video-preview":"max-video-preview:-1"},"canonical":"https:\/\/www.zaing.hr\/","og_locale":"en_US","og_type":"article","og_title":"PO\u010cETNA - ZAING","og_description":"ME\u0110IMURJE ZAING d.o.o.&nbsp; \u010cAKOVEC stvoreni za tehni\u010dku za\u0161titu, za\u0161titu na radu, za\u0161titu od po\u017eara i za\u0161titu okoli\u0161a KONTAKTIRAJ NAS O NAMA","og_url":"https:\/\/www.zaing.hr\/","og_site_name":"ZAING","article_modified_time":"2024-12-08T13:30:36+00:00","twitter_card":"summary_large_image","twitter_misc":{"Est. reading time":"1 minute"},"schema":{"@context":"https:\/\/schema.org","@graph":[{"@type":"Organization","@id":"https:\/\/www.zaing.hr\/#organization","name":"zaing","url":"https:\/\/www.zaing.hr\/","sameAs":[],"logo":{"@type":"ImageObject","@id":"https:\/\/www.zaing.hr\/#logo","inLanguage":"en-US","url":"https:\/\/i0.wp.com\/www.zaing.hr\/wp-content\/uploads\/2021\/12\/logo-4.png?fit=589%2C354&ssl=1","contentUrl":"https:\/\/i0.wp.com\/www.zaing.hr\/wp-content\/uploads\/2021\/12\/logo-4.png?fit=589%2C354&ssl=1","width":589,"height":354,"caption":"zaing"},"image":{"@id":"https:\/\/www.zaing.hr\/#logo"}},{"@type":"WebSite","@id":"https:\/\/www.zaing.hr\/#website","url":"https:\/\/www.zaing.hr\/","name":"ZAING","description":"Sve za za\u0161titnu opremu!","publisher":{"@id":"https:\/\/www.zaing.hr\/#organization"},"potentialAction":[{"@type":"SearchAction","target":{"@type":"EntryPoint","urlTemplate":"https:\/\/www.zaing.hr\/?s={search_term_string}"},"query-input":"required name=search_term_string"}],"inLanguage":"en-US"},{"@type":"WebPage","@id":"https:\/\/www.zaing.hr\/#webpage","url":"https:\/\/www.zaing.hr\/","name":"PO\u010cETNA - ZAING","isPartOf":{"@id":"https:\/\/www.zaing.hr\/#website"},"datePublished":"2021-11-27T09:06:29+00:00","dateModified":"2024-12-08T13:30:36+00:00","description":"ME\u0110IMURJE ZAING d.o.o.&nbsp; \u010cAKOVEC stvoreni za tehni\u010dku za\u0161titu, za\u0161titu na radu, za\u0161titu od po\u017eara i za\u0161titu okoli\u0161a KONTAKTIRAJ NAS O NAMA","breadcrumb":{"@id":"https:\/\/www.zaing.hr\/#breadcrumb"},"inLanguage":"en-US","potentialAction":[{"@type":"ReadAction","target":["https:\/\/www.zaing.hr\/"]}]},{"@type":"BreadcrumbList","@id":"https:\/\/www.zaing.hr\/#breadcrumb","itemListElement":[{"@type":"ListItem","position":1,"name":"Home","item":"https:\/\/www.zaing.hr\/"},{"@type":"ListItem","position":2,"name":"PO\u010cETNA"}]}]}},"_links":{"self":[{"href":"https:\/\/www.zaing.hr\/index.php?rest_route=\/wp\/v2\/pages\/155","targetHints":{"allow":["GET"]}}],"collection":[{"href":"https:\/\/www.zaing.hr\/index.php?rest_route=\/wp\/v2\/pages"}],"about":[{"href":"https:\/\/www.zaing.hr\/index.php?rest_route=\/wp\/v2\/types\/page"}],"author":[{"embeddable":true,"href":"https:\/\/www.zaing.hr\/index.php?rest_route=\/wp\/v2\/users\/1"}],"replies":[{"embeddable":true,"href":"https:\/\/www.zaing.hr\/index.php?rest_route=%2Fwp%2Fv2%2Fcomments&post=155"}],"version-history":[{"count":15,"href":"https:\/\/www.zaing.hr\/index.php?rest_route=\/wp\/v2\/pages\/155\/revisions"}],"predecessor-version":[{"id":449,"href":"https:\/\/www.zaing.hr\/index.php?rest_route=\/wp\/v2\/pages\/155\/revisions\/449"}],"wp:attachment":[{"href":"https:\/\/www.zaing.hr\/index.php?rest_route=%2Fwp%2Fv2%2Fmedia&parent=155"}],"curies":[{"name":"wp","href":"https:\/\/api.w.org\/{rel}","templated":true}]}}